{"id":2386,"date":"2016-03-22T09:59:19","date_gmt":"2016-03-22T09:59:19","guid":{"rendered":"http:\/\/wpdemos.themezaa.com\/brando\/?page_id=2386"},"modified":"2020-12-13T17:20:20","modified_gmt":"2020-12-13T16:20:20","slug":"architecture","status":"publish","type":"page","link":"https:\/\/freddy-poirier.fr\/","title":{"rendered":"Ost\u00e9opathe"},"content":{"rendered":"<section id=\"home\" class=\"no-padding\"><div class=\"container-fluid\"><div class=\"row\"><div id=\"brando-owl-slider3\" class=\"owl-carousel owl-theme brando-owl-slider3 square-pagination light-pagination dark-navigation no-cursor main-slider\"><div class=\"item owl-bg-img\" style=\"background-image:url(https:\/\/freddy-poirier.fr\/wp-content\/uploads\/2016\/03\/freddy2.jpg)\"><div class=\"container full-screen position-relative\"><div class=\"col-md-12 slider-typography text-left\"><div class=\"slider-text-middle-main\"><div class=\"slider-text-middle slider-typography-option3\"><div class=\"col-md-11 no-padding\"><p class=\"white-text text-uppercase letter-spacing-2 light-gray-text alt-font margin-two-bottom\">FREDDY POIRIER<\/p>\n<span class=\"white-text font-weight-800 letter-spacing-3 alt-font text-uppercase\">Ost\u00e9opathe Boussay<\/span><\/div><\/div><\/div><\/div><\/div><\/div><\/div>    <script type=\"text\/javascript\">jQuery(document).ready(function () { jQuery(\".brando-owl-slider3\").owlCarousel({ navigation: false,pagination: true,autoPlay: false,stopOnHover: false, singleItem: true,paginationSpeed: 400,navigationText: [\"<i class='fa fa-angle-left'><\/i>\", \"<i class='fa fa-angle-right'><\/i>\"],afterInit: function(current) { \n                $( current.find(\"video\") ).each(function( index ) {\n                    $(this).parent().attr(\"style\", \"z-index: -9999 !important;\");\n                });\n                $( current.find(\"iframe\") ).each(function( index ) {\n                    $(this).parent().attr(\"style\", \"z-index: -9999 !important;\");\n                });\n            } }); });<\/script>\n    <\/div><\/div><\/section><section id=\"about\" class=\"row-equal-height row-content-top no-padding\"><div class=\"container-fluid\"><div class=\"row\"><div class=\"wpb_column vc_column_container overflow-hidden col-sm-6 col-md-6 col-xs-12 xs-padding-fifty-tb cover-background\" style=\"background: url(https:\/\/freddy-poirier.fr\/wp-content\/uploads\/2016\/03\/ostheo-boussay-1.jpg);\"><div class=\"vc-column-innner-wrapper\"><div class=\"wpd-innner-wrapper\"><\/div><\/div><\/div><div class=\"wpb_column vc_column_container col-sm-6 col-md-6 col-xs-12 padding-110px-90px md-padding-90px-60px sm-padding-70px-70px xs-padding-40px-15px\"><div class=\"vc-column-innner-wrapper\"><div class=\"wpd-innner-wrapper\"><h3 class=\"alt-font  heading-style7 no-margin\" style=\"color:#404040 !important;\"><span class=\"crimson-red-text\">\/<\/span> Ost\u00e9opathe D.O<\/h3><div class=\"sm-margin-top-70px xs-margin-top-30px margin-top-90px\"><h3 class=\"alt-font text-uppercase font-weight-600 no-margin light-gray-text2 md-title-large sm-title-medium xs-br-display-none\">Techniques<br \/>\nost\u00e9o-articulaires,<br \/>\nvisc\u00e9rales<br \/>\net cr\u00e2niennes<br \/>\ndu nourrisson<br \/>\nau senior.<\/h3>\n<\/div><\/div><\/div><\/div><\/div><\/div><\/section><section class=\"row-equal-height row-content-top no-padding\"><div class=\"container\"><div class=\"row\"><div class=\"wpb_column vc_column_container col-sm-12 col-md-6 col-xs-12 padding-110px-tb md-padding-90px-tb padding-70px-tb xs-padding-bottom-40px-lr-15px\"><div class=\"vc-column-innner-wrapper\"><div class=\"wpd-innner-wrapper\"><div class=\"architecture-section no-padding-lr md-margin-three-lr xs-no-padding-top xs-no-margin-lr tab-style-3\"><ul class=\"nav nav-tabs alt-font text-uppercase letter-spacing-1 no-border font-weight-600\" role=\"tablist\"><li role=\"presentation\" class=\"xs-display-block xs-margin-five-bottom active\"><a href=\"#brando-1775779899-2031435818-0\" class=\"xs-display-inline\" role=\"tab\" data-toggle=\"tab\">Mon parcours<\/a><\/li><li role=\"presentation\" class=\"xs-display-block xs-margin-five-bottom \"><a href=\"#brando-1775779899-2031435818-1\" class=\"xs-display-inline\" role=\"tab\" data-toggle=\"tab\">L&#039;ost\u00e9opathie<\/a><\/li><li role=\"presentation\" class=\"xs-display-block xs-margin-five-bottom \"><a href=\"#brando-1775779899-2031435818-2\" class=\"xs-display-inline\" role=\"tab\" data-toggle=\"tab\">TMS<\/a><\/li><\/ul><div class=\"tab-content clearfix margin-ten-top sm-margin-five-top\"><div role=\"tabpanel\" class=\"tab-pane fade in active\" id=\"brando-1775779899-2031435818-0\"><div class=\"col-md-12 col-sm-12 no-padding\">\n<p class=\"text-medium width-70 md-width-90 sm-width-100\">Dipl\u00f4m\u00e9 d'Ost\u00e9obio Paris, \u00e9cole d'ost\u00e9opathie biom\u00e9canique\u00a0agr\u00e9\u00e9e par le Minist\u00e8re de la sant\u00e9, j\u2019ai effectu\u00e9 ma formation en 5 ans. Gr\u00e2ce \u00e0 ce cursus les services d\u2019ost\u00e9opathie d\u2019h\u00f4pitaux publics de la r\u00e9gion parisienne et de grandes soci\u00e9t\u00e9s (hp, sodebo, \u2026) m\u2019ont ouverts leurs portes.<\/p>\n<\/div>\n<\/div><div role=\"tabpanel\" class=\"tab-pane fade \" id=\"brando-1775779899-2031435818-1\"><div class=\"col-md-12 col-sm-12 no-padding\">\n<p class=\"text-medium width-70 md-width-90 sm-width-100\">L\u2019ost\u00e9opathe biom\u00e9canicien a pour but de soulager les patients souffrants de troubles fonctionnels :<br \/>\nlocomoteurs et visc\u00e9raux.<br \/>\nCe qui singularise un ost\u00e9opathe biom\u00e9canicien est sa mani\u00e8re de r\u00e9aliser un protocole clinique adapt\u00e9 aux patients avec, entre autre, des techniques manuelles, des conseils ergonomiques, des orientations compl\u00e9mentaires vers d\u2019autres professionnels de sant\u00e9.<\/p>\n<\/div>\n<\/div><div role=\"tabpanel\" class=\"tab-pane fade \" id=\"brando-1775779899-2031435818-2\"><div class=\"col-md-12 col-sm-12 no-padding\">\n<p class=\"text-medium width-70 md-width-90 sm-width-100\">Les TMS (troubles musculo \u2013squelettiques) touchent toutes les professions, quel que soit le secteur d\u2019activit\u00e9, et repr\u00e9sentent plus de 80% des maladies professionnelles actuellement reconnues.<br \/>\nL\u2019ost\u00e9opathe biom\u00e9canicien a pour but de lutter contre les douleurs li\u00e9es aux TMS : arthralgies (lombalgies, coxalgies, gonalgies, \u2026) tendinopathies, raideur musculaire augment\u00e9e, \u2026<\/p>\n<\/div>\n<\/div><\/div><\/div><\/div><\/div><\/div><div class=\"wpb_column vc_column_container col-sm-12 col-md-6 col-xs-12 padding-110px-90px md-padding-90px-60px sm-padding-70px-70px xs-padding-40px-15px\" style=\"background-color:#104794;\"><div class=\"vc-column-innner-wrapper\"><div class=\"wpd-innner-wrapper\"><div  class=\"architecture-section\"><div class=\"alt-font quote-style2 position-relative title-small white-text\"><p>Me d\u00e9placer avec mon mat\u00e9riel dans les ENTREPRISES pour lutter avec les salari\u00e9s contre leurs douleurs li\u00e9es aux TMS est une de mes priorit\u00e9s !<\/p>\n<\/div><\/div><\/div><\/div><\/div><\/div><\/div><\/section><section id=\"service\" class=\"row-equal-height row-content-top no-padding\"><div class=\"container-fluid\"><div class=\"row\"><div class=\"wpb_column vc_column_container overflow-hidden col-sm-6 col-md-6 col-xs-12 xs-padding-fifty-tb cover-background\" style=\"background: url(https:\/\/freddy-poirier.fr\/wp-content\/uploads\/2016\/03\/ostheo-boussay-1-1.jpg);\"><div class=\"vc-column-innner-wrapper\"><div class=\"wpd-innner-wrapper\"><\/div><\/div><\/div><div class=\"wpb_column vc_column_container col-sm-6 col-md-6 col-xs-12 padding-110px-90px md-padding-90px-60px sm-padding-70px-70px xs-padding-40px-15px\"><div class=\"vc-column-innner-wrapper\"><div class=\"wpd-innner-wrapper\"><h3 class=\"alt-font  heading-style7 no-margin\" style=\"color:#404040 !important;\"><span class=\"crimson-red-text\">\/<\/span> Vous avez dit TMS ?<\/h3><div class=\"sm-margin-top-70px xs-margin-top-30px margin-top-90px\"><h2 class=\"alt-font text-uppercase font-weight-600 light-gray-text2 md-title-large sm-title-medium xs-br-display-none no-margin\">Ost\u00e9opathe<br \/>\nprestataire<br \/>\nen Entreprise<\/h2>\n<\/div><\/div><\/div><\/div><\/div><\/div><\/section><section style=\"border-top: 1px solid rgba(0,0,0,0.1);\"><div class=\"container\"><div class=\"row\"><div class=\"wpb_column vc_column_container col-sm-6 col-md-3 col-xs-12 text-center xs-no-border sm-margin-seven-bottom xs-margin-twelve-bottom\" style=\"border-right: 1px solid rgba(0,0,0,0.1);\"><div class=\"vc-column-innner-wrapper\"><div class=\"wpd-innner-wrapper\"><div class=\"counter-style1\"><span class=\"timer counter-number alt-font black-text\" data-to=\"206\" data-speed=\"3000\">206<\/span><span class=\"text-small letter-spacing-2 text-uppercase margin-three-top xs-margin-one-top display-block alt-font\">os constants<\/span><\/div><\/div><\/div><\/div><div class=\"wpb_column vc_column_container col-sm-6 col-md-3 col-xs-12 text-center sm-no-border xs-no-border sm-margin-seven-bottom xs-margin-twelve-bottom\" style=\"border-right: 1px solid rgba(0,0,0,0.1);\"><div class=\"vc-column-innner-wrapper\"><div class=\"wpd-innner-wrapper\"><div class=\"counter-style1\"><span class=\"timer counter-number alt-font black-text\" data-to=\"600\" data-speed=\"3000\">600<\/span><span class=\"text-small letter-spacing-2 text-uppercase margin-three-top xs-margin-one-top display-block alt-font\">muscles squelettiques <\/span><\/div><\/div><\/div><\/div><div class=\"wpb_column vc_column_container col-sm-6 col-md-3 col-xs-12 text-center xs-no-border xs-margin-twelve-bottom\" style=\"border-right: 1px solid rgba(0,0,0,0.1);\"><div class=\"vc-column-innner-wrapper\"><div class=\"wpd-innner-wrapper\"><div class=\"counter-style1\"><span class=\"timer counter-number alt-font black-text\" data-to=\"007\" data-speed=\"3000\">007<\/span><span class=\"text-small letter-spacing-2 text-uppercase margin-three-top xs-margin-one-top display-block alt-font\">vert\u00e8bres cervicales<\/span><\/div><\/div><\/div><\/div><div class=\"wpb_column vc_column_container col-sm-6 col-md-3 col-xs-12 text-center\"><div class=\"vc-column-innner-wrapper\"><div class=\"wpd-innner-wrapper\"><div class=\"counter-style1\"><span class=\"timer counter-number alt-font black-text\" data-to=\"12\" data-speed=\"3000\">12<\/span><span class=\"text-small letter-spacing-2 text-uppercase margin-three-top xs-margin-one-top display-block alt-font\">vert\u00e8bres thoraciques<\/span><\/div><\/div><\/div><\/div><\/div><\/div><\/section><section id=\"testi\" class=\"row-equal-height row-content-top no-padding\"><div class=\"container\"><div class=\"row\"><div class=\"wpb_column vc_column_container col-sm-12 col-md-6 col-xs-12 padding-110px-90px md-padding-90px-60px sm-padding-70px-70px xs-padding-40px-15px\" style=\"background-color:#ffffff;\"><div class=\"vc-column-innner-wrapper\"><div class=\"wpd-innner-wrapper\"><div  class=\"col-md-12 col-sm-12 col-xs-12 clearfix  xs-no-padding margin-five-top sm-margin-five-top xs-margin-twelve-top\"><div class=\"col-md-3 col-sm-2 col-xs-2 no-padding\"><img src=\"https:\/\/freddy-poirier.fr\/wp-content\/uploads\/2016\/03\/icon.jpg\" width=\"200\" height=\"200\" alt=\"\" class=\"position-relative top10 \"\/><\/div><div class=\"col-md-9 col-sm-9 col-xs-10 no-padding-right padding-eleven-left sm-padding-six-left\"><span class=\"title-big alt-font crimson-red-text line-height-none display-inherit\">\u201c<\/span><p class=\"width-90 xs-width-90 alt-font\">Praticien ponctuel, rassurant et comp\u00e9tent !<\/p>\n<span class=\"alt-font text-uppercase black-text display-block\">Mathilde L.<\/span><span class=\"text-uppercase alt-font light-gray-text text-small\">Fondatrice de l'instant bien-\u00eatre<\/span><\/div><\/div><div  class=\"col-md-12 col-sm-12 col-xs-12 clearfix  xs-no-padding margin-sixteen-top sm-margin-eight-top xs-margin-eighteen-top\"><div class=\"col-md-3 col-sm-2 col-xs-2 no-padding\"><img src=\"https:\/\/freddy-poirier.fr\/wp-content\/uploads\/2016\/03\/icon.jpg\" width=\"200\" height=\"200\" alt=\"\" class=\"position-relative top10 \"\/><\/div><div class=\"col-md-9 col-sm-9 col-xs-10 no-padding-right padding-eleven-left sm-padding-six-left\"><span class=\"title-big alt-font crimson-red-text line-height-none display-inherit\">\u201c<\/span><p class=\"width-90 xs-width-90 alt-font\">Ost\u00e9opathe \u00e0 recommander ! Des manipulations efficaces et des conseils qui ont \u00e9radiqu\u00e9 mes douleurs chroniques de dos en deux s\u00e9ances\u00a0!<\/p>\n<span class=\"alt-font text-uppercase black-text display-block\">Laura P.<\/span><span class=\"text-uppercase alt-font light-gray-text text-small\">Aide soignante<\/span><\/div><\/div><\/div><\/div><\/div><div class=\"wpb_column vc_column_container col-sm-12 col-md-6 col-xs-12 padding-110px-90px md-padding-90px-60px sm-padding-70px-70px xs-padding-40px-15px\" style=\"background-color:#104794;\"><div class=\"vc-column-innner-wrapper\"><div class=\"wpd-innner-wrapper\"><div  class=\"architecture-section\"><div class=\"alt-font quote-style2 position-relative title-small white-text\"><p>Monsieur Poirier poss\u00e8de un champ d\u2019application bien ma\u00eetris\u00e9 dans le milieu de la sant\u00e9. C\u2019est un professionnel de confiance et comp\u00e9tent.<\/p>\n<\/div><span class=\"text-uppercase white-text margin-nine-top display-block alt-font\">Florent H.<\/span><span class=\"text-small text-uppercase black-text alt-font\">Infirmier en ehpad<\/span><\/div><\/div><\/div><\/div><\/div><\/div><\/section><section id=\"contact\" class=\"row-equal-height row-content-top no-padding\"><div class=\"container-fluid\"><div class=\"row\"><div class=\"wpb_column vc_column_container overflow-hidden col-sm-6 col-md-6 col-xs-12 xs-padding-fifty-tb cover-background\" style=\"background: url(https:\/\/freddy-poirier.fr\/wp-content\/uploads\/2016\/03\/boussay.jpg);\"><div class=\"vc-column-innner-wrapper\"><div class=\"wpd-innner-wrapper\"><\/div><\/div><\/div><div class=\"wpb_column vc_column_container col-sm-6 col-md-6 col-xs-12 padding-110px-90px md-padding-90px-60px sm-padding-70px-70px xs-padding-40px-15px\"><div class=\"vc-column-innner-wrapper\"><div class=\"wpd-innner-wrapper\"><h3 class=\"alt-font  heading-style7 no-margin\" style=\"color:#404040 !important;\"><span class=\"crimson-red-text\">\/<\/span> Contact<\/h3><div class=\"sm-margin-top-70px xs-margin-top-30px margin-top-90px\"><h3 class=\"alt-font text-uppercase font-weight-600 light-gray-text2 md-title-large sm-title-medium xs-br-display-none no-margin\">CONSULTATIONS<br \/>\nSUR RENDEZ-VOUS<br \/>\nET RENSEIGNEMENTS<br \/>\nAU 06 99 39 76 38<\/h3>\n<\/div><\/div><\/div><\/div><\/div><\/div><\/section><section class=\"row-equal-height row-content-middle no-padding-top\"><div class=\"container\"><div class=\"row\"><div class=\"wpb_column vc_column_container col-sm-12 col-md-6 col-xs-12 padding-110px-90px md-padding-90px-60px sm-padding-70px-70px xs-padding-bottom-40px-lr-15px\"><div class=\"vc-column-innner-wrapper\"><div class=\"wpd-innner-wrapper\"><div role=\"form\" class=\"wpcf7\" id=\"wpcf7-f5268-o1\" lang=\"en-US\" dir=\"ltr\">\n<div class=\"screen-reader-response\"><p role=\"status\" aria-live=\"polite\" aria-atomic=\"true\"><\/p> <ul><\/ul><\/div>\n<form action=\"\/index.php\/wp-json\/wp\/v2\/pages\/2386#wpcf7-f5268-o1\" method=\"post\" class=\"wpcf7-form init\" novalidate=\"novalidate\" data-status=\"init\">\n<div style=\"display: none;\">\n<input type=\"hidden\" name=\"_wpcf7\" value=\"5268\" \/>\n<input type=\"hidden\" name=\"_wpcf7_version\" value=\"5.3.1\" \/>\n<input type=\"hidden\" name=\"_wpcf7_locale\" value=\"en_US\" \/>\n<input type=\"hidden\" name=\"_wpcf7_unit_tag\" value=\"wpcf7-f5268-o1\" \/>\n<input type=\"hidden\" name=\"_wpcf7_container_post\" value=\"0\" \/>\n<input type=\"hidden\" name=\"_wpcf7_posted_data_hash\" value=\"\" \/>\n<\/div>\n<div><span class=\"wpcf7-form-control-wrap your-name\"><input type=\"text\" name=\"your-name\" value=\"\" size=\"40\" class=\"wpcf7-form-control wpcf7-text wpcf7-validates-as-required big-input alt-font\" aria-required=\"true\" aria-invalid=\"false\" placeholder=\"VOTRE NOM\" \/><\/span><span class=\"wpcf7-form-control-wrap your-email\"><input type=\"email\" name=\"your-email\" value=\"\" size=\"40\" class=\"wpcf7-form-control wpcf7-text wpcf7-email wpcf7-validates-as-required wpcf7-validates-as-email big-input alt-font\" aria-required=\"true\" aria-invalid=\"false\" placeholder=\"VOTRE EMAIL\" \/><\/span><\/div>\n<div class=\"select-style big-select alt-font\"><span class=\"wpcf7-form-control-wrap menu-438\"><select name=\"menu-438\" class=\"wpcf7-form-control wpcf7-select\" aria-invalid=\"false\"><option value=\"VOUS \u00caTES...\">VOUS \u00caTES...<\/option><option value=\"Une entreprise\">Une entreprise<\/option><option value=\"Un particulier\">Un particulier<\/option><\/select><\/span><\/div>\n<div><span class=\"wpcf7-form-control-wrap your-message\"><textarea name=\"your-message\" cols=\"40\" rows=\"3\" class=\"wpcf7-form-control wpcf7-textarea big-input alt-font\" aria-invalid=\"false\" placeholder=\"VOTRE MESSAGE\"><\/textarea><\/span><input type=\"submit\" value=\"ENVOYER\" class=\"wpcf7-form-control wpcf7-submit highlight-button-dark btn btn-medium\" \/><\/div>\n<div class=\"wpcf7-response-output\" aria-hidden=\"true\"><\/div><\/form><\/div><\/div><\/div><\/div><div class=\"wpb_column vc_column_container col-sm-12 col-md-6 col-xs-12 xs-text-center padding-110px-90px md-padding-90px-60px sm-padding-70px-10px xs-padding-40px-15px\" style=\"background-color:#104794;\"><div class=\"vc-column-innner-wrapper\"><div class=\"wpd-innner-wrapper\"><div><div class=\"wpb_column vc_column_container col-sm-4 col-md-12 col-xs-12 xs-text-center no-padding margin-eleven-bottom sm-no-margin xs-margin-four-bottom\"><div class=\"vc-column-innner-wrapper\"><div class=\"wpd-innner-wrapper\"><div class=\"col-md-2 col-sm-1\"><i class=\"icon-map-pin icon-medium margin-one-half sm-icon-small no-margin-lr\" style=\"color:#ffffff !important;\"><\/i><\/div><div class=\"col-md-10 col-sm-10\"><span class=\"text-uppercase alt-font black-text text-large font-weight-600\" style=\"color:#ffffff !important;\">Cabinet de Boussay<\/span><p class=\"text-medium white-text alt-font text-uppercase\">2 rue d'anjou<br \/>\n44190 Boussay<\/p>\n<\/div><\/div><\/div><\/div><\/div><div><div class=\"wpb_column vc_column_container col-sm-4 col-md-12 col-xs-12 xs-text-center no-padding margin-eleven-bottom sm-no-margin xs-margin-four-bottom\"><div class=\"vc-column-innner-wrapper\"><div class=\"wpd-innner-wrapper\"><div class=\"col-md-2 col-sm-1\"><i class=\"icon-map-pin icon-medium margin-one-half sm-icon-small no-margin-lr\" style=\"color:#ffffff !important;\"><\/i><\/div><div class=\"col-md-10 col-sm-10\"><span class=\"text-uppercase alt-font black-text text-large font-weight-600\" style=\"color:#ffffff !important;\">Cabinet de La Guyonniere<\/span><p class=\"text-medium white-text alt-font text-uppercase\">6 rue de l'Abb\u00e9 Grelier<br \/>\n85600 La Guyonniere<\/p>\n<\/div><\/div><\/div><\/div><div class=\"wpb_column vc_column_container col-sm-4 col-md-12 col-xs-12 xs-text-center no-padding\"><div class=\"vc-column-innner-wrapper\"><div class=\"wpd-innner-wrapper\"><div class=\"col-md-2 col-sm-1\"><i class=\"icon-phone icon-medium margin-one-half sm-icon-small no-margin-lr\" style=\"color:#ffffff !important;\"><\/i><\/div><div class=\"col-md-10 col-sm-10\"><span class=\"text-uppercase alt-font black-text text-large font-weight-600\" style=\"color:#ffffff !important;\">Contactez moi par t\u00e9l\u00e9phone<\/span><p class=\"text-medium white-text alt-font text-uppercase\">06.99.39.76.38<\/p>\n<\/div><\/div><\/div><\/div><\/div><\/div><\/div><\/div><\/div><\/div><\/section>","protected":false},"excerpt":{"rendered":"<p>FREDDY POIRIER Ost\u00e9opathe Boussay \/ Ost\u00e9opathe D.OTechniques ost\u00e9o-articulaires, visc\u00e9rales et cr\u00e2niennes du nourrisson au senior. Mon parcoursL&#039;ost\u00e9opathieTMS Dipl\u00f4m\u00e9 d&#8217;Ost\u00e9obio Paris, \u00e9cole d&#8217;ost\u00e9opathie biom\u00e9canique\u00a0agr\u00e9\u00e9e par le Minist\u00e8re de la sant\u00e9, j\u2019ai effectu\u00e9 ma formation en 5 ans. Gr\u00e2ce \u00e0 ce cursus les services d\u2019ost\u00e9opathie d\u2019h\u00f4pitaux publics de la r\u00e9gion parisienne et de grandes soci\u00e9t\u00e9s (hp, sodebo, [&hellip;]<\/p>\n","protected":false},"author":1,"featured_media":0,"parent":0,"menu_order":0,"comment_status":"closed","ping_status":"closed","template":"","meta":[],"_links":{"self":[{"href":"https:\/\/freddy-poirier.fr\/index.php\/wp-json\/wp\/v2\/pages\/2386"}],"collection":[{"href":"https:\/\/freddy-poirier.fr\/index.php\/wp-json\/wp\/v2\/pages"}],"about":[{"href":"https:\/\/freddy-poirier.fr\/index.php\/wp-json\/wp\/v2\/types\/page"}],"author":[{"embeddable":true,"href":"https:\/\/freddy-poirier.fr\/index.php\/wp-json\/wp\/v2\/users\/1"}],"replies":[{"embeddable":true,"href":"https:\/\/freddy-poirier.fr\/index.php\/wp-json\/wp\/v2\/comments?post=2386"}],"version-history":[{"count":72,"href":"https:\/\/freddy-poirier.fr\/index.php\/wp-json\/wp\/v2\/pages\/2386\/revisions"}],"predecessor-version":[{"id":5428,"href":"https:\/\/freddy-poirier.fr\/index.php\/wp-json\/wp\/v2\/pages\/2386\/revisions\/5428"}],"wp:attachment":[{"href":"https:\/\/freddy-poirier.fr\/index.php\/wp-json\/wp\/v2\/media?parent=2386"}],"curies":[{"name":"wp","href":"https:\/\/api.w.org\/{rel}","templated":true}]}}